{"id":2651,"date":"2025-04-02T09:34:40","date_gmt":"2025-04-02T09:34:40","guid":{"rendered":"https:\/\/petgen.pl\/contact\/"},"modified":"2026-04-26T05:58:47","modified_gmt":"2026-04-26T05:58:47","slug":"contact","status":"publish","type":"page","link":"https:\/\/petgen.pl\/en\/contact\/","title":{"rendered":"Contact"},"content":{"rendered":"\t\t<div data-elementor-type=\"wp-page\" data-elementor-id=\"2651\" class=\"elementor elementor-2651 elementor-691\" data-elementor-settings=\"{&quot;element_pack_global_tooltip_width&quot;:{&quot;unit&quot;:&quot;px&quot;,&quot;size&quot;:&quot;&quot;,&quot;sizes&quot;:[]},&quot;element_pack_global_tooltip_width_tablet&quot;:{&quot;unit&quot;:&quot;px&quot;,&quot;size&quot;:&quot;&quot;,&quot;sizes&quot;:[]},&quot;element_pack_global_tooltip_width_mobile&quot;:{&quot;unit&quot;:&quot;px&quot;,&quot;size&quot;:&quot;&quot;,&quot;sizes&quot;:[]},&quot;element_pack_global_tooltip_padding&quot;:{&quot;unit&quot;:&quot;px&quot;,&quot;top&quot;:&quot;&quot;,&quot;right&quot;:&quot;&quot;,&quot;bottom&quot;:&quot;&quot;,&quot;left&quot;:&quot;&quot;,&quot;isLinked&quot;:true},&quot;element_pack_global_tooltip_padding_tablet&quot;:{&quot;unit&quot;:&quot;px&quot;,&quot;top&quot;:&quot;&quot;,&quot;right&quot;:&quot;&quot;,&quot;bottom&quot;:&quot;&quot;,&quot;left&quot;:&quot;&quot;,&quot;isLinked&quot;:true},&quot;element_pack_global_tooltip_padding_mobile&quot;:{&quot;unit&quot;:&quot;px&quot;,&quot;top&quot;:&quot;&quot;,&quot;right&quot;:&quot;&quot;,&quot;bottom&quot;:&quot;&quot;,&quot;left&quot;:&quot;&quot;,&quot;isLinked&quot;:true},&quot;element_pack_global_tooltip_border_radius&quot;:{&quot;unit&quot;:&quot;px&quot;,&quot;top&quot;:&quot;&quot;,&quot;right&quot;:&quot;&quot;,&quot;bottom&quot;:&quot;&quot;,&quot;left&quot;:&quot;&quot;,&quot;isLinked&quot;:true},&quot;element_pack_global_tooltip_border_radius_tablet&quot;:{&quot;unit&quot;:&quot;px&quot;,&quot;top&quot;:&quot;&quot;,&quot;right&quot;:&quot;&quot;,&quot;bottom&quot;:&quot;&quot;,&quot;left&quot;:&quot;&quot;,&quot;isLinked&quot;:true},&quot;element_pack_global_tooltip_border_radius_mobile&quot;:{&quot;unit&quot;:&quot;px&quot;,&quot;top&quot;:&quot;&quot;,&quot;right&quot;:&quot;&quot;,&quot;bottom&quot;:&quot;&quot;,&quot;left&quot;:&quot;&quot;,&quot;isLinked&quot;:true}}\" data-elementor-post-type=\"page\">\n\t\t\t\t<div class=\"elementor-element elementor-element-30f7aba e-con-full e-flex e-con e-parent\" data-id=\"30f7aba\" data-element_type=\"container\" data-e-type=\"container\" data-settings=\"{&quot;jet_parallax_layout_list&quot;:[]}\">\n\t\t\t\t<div class=\"elementor-element elementor-element-d43e040 elementor-align-left elementor-widget elementor-widget-bdevs-banner-blog\" data-id=\"d43e040\" data-element_type=\"widget\" data-e-type=\"widget\" data-widget_type=\"bdevs-banner-blog.default\">\n\t\t\t\t<div class=\"elementor-widget-container\">\n\t\t\t\t\t \r\n<section class=\"banner-header section-padding bg-img\" data-overlay-dark=\"4\" data-background=\"https:\/\/petgen.pl\/wp-content\/uploads\/2026\/03\/brown-border-collie-dog-during-visit-in-vet-2026-03-16-06-07-06-utc-scaled.jpg\">\r\n    <div class=\"v-middle\">\r\n        <div class=\"container\">\r\n            <div class=\"row\">\r\n                <div class=\"col-md-12\">\r\n                \t                    <h6>\r\n                    \t                    \t<div class=\"icon\"><i class=\"flaticon-prize-badge-with-paw-print\"><\/i><\/div>\r\n                    \t                    \tMasz pytania?<\/h6>\r\n                                                            <h1>Skontaktuj si\u0119 z nami<\/h1>\r\n                                    <\/div>\r\n            <\/div>\r\n        <\/div>\r\n    <\/div>\r\n<\/section> \r\n\t\t\t\t\t<\/div>\n\t\t\t\t<\/div>\n\t\t\t\t<\/div>\n\t\t<div class=\"elementor-element elementor-element-66f3996 e-con-full e-flex e-con e-parent\" data-id=\"66f3996\" data-element_type=\"container\" data-e-type=\"container\" data-settings=\"{&quot;jet_parallax_layout_list&quot;:[]}\">\n\t\t\t\t<div class=\"elementor-element elementor-element-67e6763 elementor-align-left elementor-widget elementor-widget-bdevs-contact-other-pages\" data-id=\"67e6763\" data-element_type=\"widget\" data-e-type=\"widget\" data-widget_type=\"bdevs-contact-other-pages.default\">\n\t\t\t\t<div class=\"elementor-widget-container\">\n\t\t\t\t\t  \r\n<section class=\"contact section-padding\">\r\n    <div class=\"container\">\r\n        <div class=\"row justify-content-center\">\r\n            <div class=\"col-lg-5 col-md-12 mb-30\">\r\n            \t                <h5>Lokalizacja<\/h5>\r\n                                \t\t\t\t                <div class=\"item mb-15\">\r\n                    <div class=\"icon\"><span class=\"fa-solid fa-location-dot\"><\/span><\/div>\r\n                    <div class=\"text\">ul. Cz\u0142uchowska 26 60-434, Pozna\u0144 , Polska<\/div>\r\n                <\/div>\r\n                                \t\t\t\t\t\t\t\t<div class=\"item mb-15\">\r\n                    <div class=\"icon\"><span class=\"fa-solid fa-phone\"><\/span><\/div>\r\n                    <div class=\"text\"> <a href=\"tel:+1-234-567-8910\">+48 607 312 486<\/a> <\/div>\r\n                <\/div>\r\n            \t                \t\t\t\t\t\t\t\t<div class=\"item mb-15\">\r\n                    <div class=\"icon\"><span class=\"fa-solid fa-envelope\"><\/span><\/div>\r\n                    <div class=\"text\"> <a href=\"tel:hello@Pepito.com\">info@novazym.pl<\/a> <\/div>\r\n                <\/div>\r\n            \t                                <div class=\"worktime\">\r\n                \t                    <h5 class=\"mb-20\">Godziny pracy<\/h5>\r\n                                        <ul>\r\n                    \t                        <li>\r\n                            <div class=\"tit\">Pon - Pt<\/div>\r\n                            <div class=\"dots\"><\/div> <span>8.00 am - 4.00 pm<\/span>\r\n                        <\/li>\r\n                                                <li>\r\n                            <div class=\"tit\">Sobota<\/div>\r\n                            <div class=\"dots\"><\/div> <span>Zamkni\u0119te<\/span>\r\n                        <\/li>\r\n                                                <li>\r\n                            <div class=\"tit\">Niedziela<\/div>\r\n                            <div class=\"dots\"><\/div> <span>Zamkni\u0119te<\/span>\r\n                        <\/li>\r\n                                            <\/ul>\r\n                <\/div>\r\n            <\/div>\r\n            <div class=\"col-lg-6 offset-lg-1 col-md-12\">\r\n                <div class=\"form-box\">\r\n                \t                    <h5>Get in touch<\/h5>\r\n                                        \n<div class=\"wpcf7 no-js\" id=\"wpcf7-f2776-o1\" lang=\"en-US\" dir=\"ltr\" data-wpcf7-id=\"2776\">\n<div class=\"screen-reader-response\"><p role=\"status\" aria-live=\"polite\" aria-atomic=\"true\"><\/p> <ul><\/ul><\/div>\n<form action=\"\/en\/wp-json\/wp\/v2\/pages\/2651#wpcf7-f2776-o1\" method=\"post\" class=\"wpcf7-form init\" aria-label=\"Contact form\" novalidate=\"novalidate\" data-status=\"init\">\n<fieldset class=\"hidden-fields-container\"><input type=\"hidden\" name=\"_wpcf7\" value=\"2776\" \/><input type=\"hidden\" name=\"_wpcf7_version\" value=\"6.1.5\" \/><input type=\"hidden\" name=\"_wpcf7_locale\" value=\"en_US\" \/><input type=\"hidden\" name=\"_wpcf7_unit_tag\" value=\"wpcf7-f2776-o1\" \/><input type=\"hidden\" name=\"_wpcf7_container_post\" value=\"0\" \/><input type=\"hidden\" name=\"_wpcf7_posted_data_hash\" value=\"\" \/>\n<\/fieldset>\n<div>\n\t<div class=\"row\">\n\t\t<div class=\"col-md-6 form-group\">\n\t\t\t<p><span class=\"wpcf7-form-control-wrap\" data-name=\"your-name\"><input size=\"40\" maxlength=\"400\" class=\"wpcf7-form-control wpcf7-text wpcf7-validates-as-required\" autocomplete=\"name\" aria-required=\"true\" aria-invalid=\"false\" placeholder=\"Full Name\" value=\"\" type=\"text\" name=\"your-name\" \/><\/span>\n\t\t\t<\/p>\n\t\t<\/div>\n\t\t<div class=\"col-md-6 form-group\">\n\t\t\t<p><span class=\"wpcf7-form-control-wrap\" data-name=\"your-email\"><input size=\"40\" maxlength=\"400\" class=\"wpcf7-form-control wpcf7-email wpcf7-validates-as-required wpcf7-text wpcf7-validates-as-email\" aria-required=\"true\" aria-invalid=\"false\" placeholder=\"Email\" value=\"\" type=\"email\" name=\"your-email\" \/><\/span>\n\t\t\t<\/p>\n\t\t<\/div>\n\t\t<div class=\"col-md-6 form-group\">\n\t\t\t<p><span class=\"wpcf7-form-control-wrap\" data-name=\"phone\"><input size=\"40\" maxlength=\"400\" class=\"wpcf7-form-control wpcf7-text wpcf7-validates-as-required\" aria-required=\"true\" aria-invalid=\"false\" placeholder=\"Phone\" value=\"\" type=\"text\" name=\"phone\" \/><\/span>\n\t\t\t<\/p>\n\t\t<\/div>\n\t\t<div class=\"col-md-6 form-group\">\n\t\t\t<p><span class=\"wpcf7-form-control-wrap\" data-name=\"select\"><select class=\"wpcf7-form-control wpcf7-select form-select\" aria-invalid=\"false\" name=\"select\"><option value=\"\">Select Service<\/option><option value=\"Dog walking\">Dog walking<\/option><option value=\"Puppy program\">Puppy program<\/option><option value=\"Training services\">Training services<\/option><option value=\"Overnight care\">Overnight care<\/option><option value=\"Pet grooming\">Pet grooming<\/option><\/select><\/span>\n\t\t\t<\/p>\n\t\t<\/div>\n\t\t<div class=\"col-md-12 form-group\">\n\t\t\t<p><span class=\"wpcf7-form-control-wrap\" data-name=\"your-subject\"><input size=\"40\" maxlength=\"400\" class=\"wpcf7-form-control wpcf7-text wpcf7-validates-as-required\" aria-required=\"true\" aria-invalid=\"false\" placeholder=\"Subject\" value=\"\" type=\"text\" name=\"your-subject\" \/><\/span>\n\t\t\t<\/p>\n\t\t<\/div>\n\t\t<div class=\"col-md-12 form-group\">\n\t\t\t<p><span class=\"wpcf7-form-control-wrap\" data-name=\"your-message\"><textarea cols=\"40\" rows=\"10\" maxlength=\"2000\" class=\"wpcf7-form-control wpcf7-textarea wpcf7-validates-as-required\" aria-required=\"true\" aria-invalid=\"false\" placeholder=\"Message\" name=\"your-message\"><\/textarea><\/span>\n\t\t\t<\/p>\n\t\t<\/div>\n\t\t<div class=\"col-md-12 form-group\">\n\t\t\t<p><input type=\"checkbox\" \/><label>Schedule a free health consultation<\/label>\n\t\t\t<\/p>\n\t\t<\/div>\n\t\t<div class=\"col-md-12 mt-20\">\n\t\t\t<p><button type=\"submit\"><i class=\"fa-light fa-calendar-check mr-5\"><\/i> <input class=\"wpcf7-form-control wpcf7-submit has-spinner\" type=\"submit\" value=\"Make appointment\" \/><\/button>\n\t\t\t<\/p>\n\t\t<\/div>\n\t<\/div>\n<\/div><div class=\"wpcf7-response-output\" aria-hidden=\"true\"><\/div>\n<\/form>\n<\/div>\n                <\/div>\r\n            <\/div>\r\n        <\/div>\r\n    <\/div>\r\n<\/section>\r\n\t\t\t\t\t<\/div>\n\t\t\t\t<\/div>\n\t\t\t\t<\/div>\n\t\t\t\t<\/div>\n\t\t","protected":false},"excerpt":{"rendered":"<p>Masz pytania? Skontaktuj si\u0119 z nami Lokalizacja ul. Cz\u0142uchowska 26 60-434, Pozna\u0144 , Polska +48 607 312 486 info@novazym.pl Godziny pracy Pon &#8211; Pt 8.00 am &#8211; 4.00 pm Sobota Zamkni\u0119te Niedziela Zamkni\u0119te Get in touch Select ServiceDog walkingPuppy programTraining servicesOvernight carePet grooming Schedule a free health consultation<\/p>\n","protected":false},"author":1,"featured_media":2652,"parent":0,"menu_order":0,"comment_status":"closed","ping_status":"closed","template":"page-templates\/home.php","meta":{"footnotes":""},"class_list":["post-2651","page","type-page","status-publish","has-post-thumbnail","hentry"],"yoast_head":"<!-- This site is optimized with the Yoast SEO Premium plugin v27.4 (Yoast SEO v27.4) - https:\/\/yoast.com\/product\/yoast-seo-premium-wordpress\/ -->\n<title>Contact - PetGen<\/title>\n<meta name=\"description\" content=\"We&#039;re here to help. Contact the PetGen team and get support with genetic testing and care for your pet.\" \/>\n<meta name=\"robots\" content=\"index, follow, max-snippet:-1, max-image-preview:large, max-video-preview:-1\" \/>\n<link rel=\"canonical\" href=\"https:\/\/petgen.pl\/en\/contact\/\" \/>\n<meta property=\"og:locale\" content=\"en_US\" \/>\n<meta property=\"og:type\" content=\"article\" \/>\n<meta property=\"og:title\" content=\"Contact\" \/>\n<meta property=\"og:description\" content=\"We&#039;re here to help. Contact the PetGen team and get support with genetic testing and care for your pet.\" \/>\n<meta property=\"og:url\" content=\"https:\/\/petgen.pl\/en\/contact\/\" \/>\n<meta property=\"og:site_name\" content=\"PetGen\" \/>\n<meta property=\"article:modified_time\" content=\"2026-04-26T05:58:47+00:00\" \/>\n<meta property=\"og:image\" content=\"https:\/\/petgen.pl\/wp-content\/uploads\/2026\/04\/a-man-holds-three-british-kittens-of-different-col-2026-01-06-09-33-18-utc-scaled.jpg\" \/>\n\t<meta property=\"og:image:width\" content=\"2560\" \/>\n\t<meta property=\"og:image:height\" content=\"1704\" \/>\n\t<meta property=\"og:image:type\" content=\"image\/jpeg\" \/>\n<meta name=\"twitter:card\" content=\"summary_large_image\" \/>\n<script type=\"application\/ld+json\" class=\"yoast-schema-graph\">{\"@context\":\"https:\\\/\\\/schema.org\",\"@graph\":[{\"@type\":\"WebPage\",\"@id\":\"https:\\\/\\\/petgen.pl\\\/en\\\/contact\\\/\",\"url\":\"https:\\\/\\\/petgen.pl\\\/en\\\/contact\\\/\",\"name\":\"Contact - PetGen\",\"isPartOf\":{\"@id\":\"https:\\\/\\\/petgen.pl\\\/en\\\/#website\"},\"primaryImageOfPage\":{\"@id\":\"https:\\\/\\\/petgen.pl\\\/en\\\/contact\\\/#primaryimage\"},\"image\":{\"@id\":\"https:\\\/\\\/petgen.pl\\\/en\\\/contact\\\/#primaryimage\"},\"thumbnailUrl\":\"https:\\\/\\\/petgen.pl\\\/wp-content\\\/uploads\\\/2026\\\/04\\\/a-man-holds-three-british-kittens-of-different-col-2026-01-06-09-33-18-utc-scaled.jpg\",\"datePublished\":\"2025-04-02T09:34:40+00:00\",\"dateModified\":\"2026-04-26T05:58:47+00:00\",\"description\":\"We're here to help. Contact the PetGen team and get support with genetic testing and care for your pet.\",\"breadcrumb\":{\"@id\":\"https:\\\/\\\/petgen.pl\\\/en\\\/contact\\\/#breadcrumb\"},\"inLanguage\":\"en-US\",\"potentialAction\":[{\"@type\":\"ReadAction\",\"target\":[\"https:\\\/\\\/petgen.pl\\\/en\\\/contact\\\/\"]}]},{\"@type\":\"ImageObject\",\"inLanguage\":\"en-US\",\"@id\":\"https:\\\/\\\/petgen.pl\\\/en\\\/contact\\\/#primaryimage\",\"url\":\"https:\\\/\\\/petgen.pl\\\/wp-content\\\/uploads\\\/2026\\\/04\\\/a-man-holds-three-british-kittens-of-different-col-2026-01-06-09-33-18-utc-scaled.jpg\",\"contentUrl\":\"https:\\\/\\\/petgen.pl\\\/wp-content\\\/uploads\\\/2026\\\/04\\\/a-man-holds-three-british-kittens-of-different-col-2026-01-06-09-33-18-utc-scaled.jpg\",\"width\":2560,\"height\":1704,\"caption\":\"A man hugs three British kittens of different colors\"},{\"@type\":\"BreadcrumbList\",\"@id\":\"https:\\\/\\\/petgen.pl\\\/en\\\/contact\\\/#breadcrumb\",\"itemListElement\":[{\"@type\":\"ListItem\",\"position\":1,\"name\":\"Home\",\"item\":\"https:\\\/\\\/petgen.pl\\\/en\\\/\"},{\"@type\":\"ListItem\",\"position\":2,\"name\":\"Contact\"}]},{\"@type\":\"WebSite\",\"@id\":\"https:\\\/\\\/petgen.pl\\\/en\\\/#website\",\"url\":\"https:\\\/\\\/petgen.pl\\\/en\\\/\",\"name\":\"PetGen- badania genetyczne zwierz\u0105t domowych\",\"description\":\"Badanie genetyczne zwierz\u0105t domowych\",\"publisher\":{\"@id\":\"https:\\\/\\\/petgen.pl\\\/en\\\/#organization\"},\"potentialAction\":[{\"@type\":\"SearchAction\",\"target\":{\"@type\":\"EntryPoint\",\"urlTemplate\":\"https:\\\/\\\/petgen.pl\\\/en\\\/?s={search_term_string}\"},\"query-input\":{\"@type\":\"PropertyValueSpecification\",\"valueRequired\":true,\"valueName\":\"search_term_string\"}}],\"inLanguage\":\"en-US\"},{\"@type\":\"Organization\",\"@id\":\"https:\\\/\\\/petgen.pl\\\/en\\\/#organization\",\"name\":\"PetGen\",\"url\":\"https:\\\/\\\/petgen.pl\\\/en\\\/\",\"logo\":{\"@type\":\"ImageObject\",\"inLanguage\":\"en-US\",\"@id\":\"https:\\\/\\\/petgen.pl\\\/en\\\/#\\\/schema\\\/logo\\\/image\\\/\",\"url\":\"https:\\\/\\\/petgen.pl\\\/wp-content\\\/uploads\\\/2026\\\/03\\\/PetGen-Logo-v2.1.png\",\"contentUrl\":\"https:\\\/\\\/petgen.pl\\\/wp-content\\\/uploads\\\/2026\\\/03\\\/PetGen-Logo-v2.1.png\",\"width\":1230,\"height\":544,\"caption\":\"PetGen\"},\"image\":{\"@id\":\"https:\\\/\\\/petgen.pl\\\/en\\\/#\\\/schema\\\/logo\\\/image\\\/\"}}]}<\/script>\n<!-- \/ Yoast SEO Premium plugin. -->","yoast_head_json":{"title":"Contact - PetGen","description":"We're here to help. Contact the PetGen team and get support with genetic testing and care for your pet.","robots":{"index":"index","follow":"follow","max-snippet":"max-snippet:-1","max-image-preview":"max-image-preview:large","max-video-preview":"max-video-preview:-1"},"canonical":"https:\/\/petgen.pl\/en\/contact\/","og_locale":"en_US","og_type":"article","og_title":"Contact","og_description":"We're here to help. Contact the PetGen team and get support with genetic testing and care for your pet.","og_url":"https:\/\/petgen.pl\/en\/contact\/","og_site_name":"PetGen","article_modified_time":"2026-04-26T05:58:47+00:00","og_image":[{"width":2560,"height":1704,"url":"https:\/\/petgen.pl\/wp-content\/uploads\/2026\/04\/a-man-holds-three-british-kittens-of-different-col-2026-01-06-09-33-18-utc-scaled.jpg","type":"image\/jpeg"}],"twitter_card":"summary_large_image","schema":{"@context":"https:\/\/schema.org","@graph":[{"@type":"WebPage","@id":"https:\/\/petgen.pl\/en\/contact\/","url":"https:\/\/petgen.pl\/en\/contact\/","name":"Contact - PetGen","isPartOf":{"@id":"https:\/\/petgen.pl\/en\/#website"},"primaryImageOfPage":{"@id":"https:\/\/petgen.pl\/en\/contact\/#primaryimage"},"image":{"@id":"https:\/\/petgen.pl\/en\/contact\/#primaryimage"},"thumbnailUrl":"https:\/\/petgen.pl\/wp-content\/uploads\/2026\/04\/a-man-holds-three-british-kittens-of-different-col-2026-01-06-09-33-18-utc-scaled.jpg","datePublished":"2025-04-02T09:34:40+00:00","dateModified":"2026-04-26T05:58:47+00:00","description":"We're here to help. Contact the PetGen team and get support with genetic testing and care for your pet.","breadcrumb":{"@id":"https:\/\/petgen.pl\/en\/contact\/#breadcrumb"},"inLanguage":"en-US","potentialAction":[{"@type":"ReadAction","target":["https:\/\/petgen.pl\/en\/contact\/"]}]},{"@type":"ImageObject","inLanguage":"en-US","@id":"https:\/\/petgen.pl\/en\/contact\/#primaryimage","url":"https:\/\/petgen.pl\/wp-content\/uploads\/2026\/04\/a-man-holds-three-british-kittens-of-different-col-2026-01-06-09-33-18-utc-scaled.jpg","contentUrl":"https:\/\/petgen.pl\/wp-content\/uploads\/2026\/04\/a-man-holds-three-british-kittens-of-different-col-2026-01-06-09-33-18-utc-scaled.jpg","width":2560,"height":1704,"caption":"A man hugs three British kittens of different colors"},{"@type":"BreadcrumbList","@id":"https:\/\/petgen.pl\/en\/contact\/#breadcrumb","itemListElement":[{"@type":"ListItem","position":1,"name":"Home","item":"https:\/\/petgen.pl\/en\/"},{"@type":"ListItem","position":2,"name":"Contact"}]},{"@type":"WebSite","@id":"https:\/\/petgen.pl\/en\/#website","url":"https:\/\/petgen.pl\/en\/","name":"PetGen- badania genetyczne zwierz\u0105t domowych","description":"Badanie genetyczne zwierz\u0105t domowych","publisher":{"@id":"https:\/\/petgen.pl\/en\/#organization"},"potentialAction":[{"@type":"SearchAction","target":{"@type":"EntryPoint","urlTemplate":"https:\/\/petgen.pl\/en\/?s={search_term_string}"},"query-input":{"@type":"PropertyValueSpecification","valueRequired":true,"valueName":"search_term_string"}}],"inLanguage":"en-US"},{"@type":"Organization","@id":"https:\/\/petgen.pl\/en\/#organization","name":"PetGen","url":"https:\/\/petgen.pl\/en\/","logo":{"@type":"ImageObject","inLanguage":"en-US","@id":"https:\/\/petgen.pl\/en\/#\/schema\/logo\/image\/","url":"https:\/\/petgen.pl\/wp-content\/uploads\/2026\/03\/PetGen-Logo-v2.1.png","contentUrl":"https:\/\/petgen.pl\/wp-content\/uploads\/2026\/03\/PetGen-Logo-v2.1.png","width":1230,"height":544,"caption":"PetGen"},"image":{"@id":"https:\/\/petgen.pl\/en\/#\/schema\/logo\/image\/"}}]}},"_links":{"self":[{"href":"https:\/\/petgen.pl\/en\/wp-json\/wp\/v2\/pages\/2651","targetHints":{"allow":["GET"]}}],"collection":[{"href":"https:\/\/petgen.pl\/en\/wp-json\/wp\/v2\/pages"}],"about":[{"href":"https:\/\/petgen.pl\/en\/wp-json\/wp\/v2\/types\/page"}],"author":[{"embeddable":true,"href":"https:\/\/petgen.pl\/en\/wp-json\/wp\/v2\/users\/1"}],"replies":[{"embeddable":true,"href":"https:\/\/petgen.pl\/en\/wp-json\/wp\/v2\/comments?post=2651"}],"version-history":[{"count":2,"href":"https:\/\/petgen.pl\/en\/wp-json\/wp\/v2\/pages\/2651\/revisions"}],"predecessor-version":[{"id":2654,"href":"https:\/\/petgen.pl\/en\/wp-json\/wp\/v2\/pages\/2651\/revisions\/2654"}],"wp:featuredmedia":[{"embeddable":true,"href":"https:\/\/petgen.pl\/en\/wp-json\/wp\/v2\/media\/2652"}],"wp:attachment":[{"href":"https:\/\/petgen.pl\/en\/wp-json\/wp\/v2\/media?parent=2651"}],"curies":[{"name":"wp","href":"https:\/\/api.w.org\/{rel}","templated":true}]}}